{"id":924,"date":"2025-09-25T17:25:38","date_gmt":"2025-09-25T17:25:38","guid":{"rendered":"https:\/\/natufarmadeamerica.com\/?post_type=product&#038;p=924"},"modified":"2025-10-28T15:54:10","modified_gmt":"2025-10-28T15:54:10","slug":"digestiv","status":"publish","type":"product","link":"https:\/\/natufarmadeamerica.com\/en\/product\/digestiv\/","title":{"rendered":"Digestiv"},"content":{"rendered":"<h2 data-start=\"90\" data-end=\"147\">DIGESTIV \u2013 C\u00e1psulas para el alivio de la indigesti\u00f3n<\/h2>\n<p data-start=\"149\" data-end=\"476\">DIGESTIV es un suplemento dise\u00f1ado para brindar alivio r\u00e1pido y efectivo a los problemas digestivos m\u00e1s comunes. Su f\u00f3rmula natural ayuda a mejorar la digesti\u00f3n y disminuir las molestias ocasionadas por comidas copiosas o irritantes, contribuyendo a un bienestar general del sistema digestivo.<\/p>\n<p data-start=\"478\" data-end=\"507\"><strong data-start=\"478\" data-end=\"505\">Beneficios principales:<\/strong><\/p>\n<ul data-start=\"508\" data-end=\"816\">\n<li data-start=\"508\" data-end=\"564\">\n<p data-start=\"510\" data-end=\"564\">\u2705 Alivia la <strong data-start=\"522\" data-end=\"537\">indigesti\u00f3n<\/strong> y el malestar estomacal.<\/p>\n<\/li>\n<li data-start=\"565\" data-end=\"623\">\n<p data-start=\"567\" data-end=\"623\">\u2705 Reduce la <strong data-start=\"579\" data-end=\"594\">flatulencia<\/strong> y la sensaci\u00f3n de pesadez.<\/p>\n<\/li>\n<li data-start=\"624\" data-end=\"667\">\n<p data-start=\"626\" data-end=\"667\">\u2705 Apoya en casos de <strong data-start=\"646\" data-end=\"664\">gastritis leve<\/strong>.<\/p>\n<\/li>\n<li data-start=\"668\" data-end=\"738\">\n<p data-start=\"670\" data-end=\"738\">\u2705 Disminuye la <strong data-start=\"685\" data-end=\"711\">distensi\u00f3n epig\u00e1strica<\/strong> (inflamaci\u00f3n abdominal).<\/p>\n<\/li>\n<li data-start=\"739\" data-end=\"816\">\n<p data-start=\"741\" data-end=\"816\">\u2705 Contribuye a reducir <strong data-start=\"764\" data-end=\"775\">n\u00e1useas<\/strong> relacionadas con problemas digestivos.<\/p>\n<\/li>\n<\/ul>\n<p data-start=\"818\" data-end=\"910\"><strong data-start=\"818\" data-end=\"834\">Modo de uso:<\/strong><br data-start=\"834\" data-end=\"837\" \/>Tomar <strong data-start=\"843\" data-end=\"873\">2 c\u00e1psulas v\u00eda oral al d\u00eda<\/strong> o seg\u00fan recomendaci\u00f3n profesional.<\/p>\n<p data-start=\"912\" data-end=\"931\"><strong data-start=\"912\" data-end=\"929\">Presentaci\u00f3n:<\/strong><\/p>\n<ul data-start=\"932\" data-end=\"1012\">\n<li data-start=\"932\" data-end=\"963\">\n<p data-start=\"934\" data-end=\"963\">Frasco con <strong data-start=\"945\" data-end=\"960\">30 c\u00e1psulas<\/strong>.<\/p>\n<\/li>\n<li data-start=\"964\" data-end=\"1012\">\n<p data-start=\"966\" data-end=\"1012\">Venta libre, sin necesidad de receta m\u00e9dica.<\/p>\n<\/li>\n<\/ul>\n<p data-start=\"1014\" data-end=\"1164\"><strong data-start=\"1014\" data-end=\"1031\">Indicaciones:<\/strong><br data-start=\"1031\" data-end=\"1034\" \/>Ideal para personas que sufren de molestias digestivas frecuentes, pesadez despu\u00e9s de las comidas o episodios de acidez y gases.<\/p>\n<p data-start=\"1166\" data-end=\"1185\"><strong data-start=\"1166\" data-end=\"1183\">Precauciones:<\/strong><\/p>\n<ul data-start=\"1186\" data-end=\"1348\">\n<li data-start=\"1186\" data-end=\"1222\">\n<p data-start=\"1188\" data-end=\"1222\">No exceder la dosis recomendada.<\/p>\n<\/li>\n<li data-start=\"1223\" data-end=\"1261\">\n<p data-start=\"1225\" data-end=\"1261\">Uso m\u00e1ximo recomendado: 2 semanas.<\/p>\n<\/li>\n<li data-start=\"1262\" data-end=\"1348\">\n<p data-start=\"1264\" data-end=\"1348\">Consultar con un m\u00e9dico antes de usar en caso de estar tomando otros medicamentos.<\/p>\n<\/li>\n<\/ul>\n<p data-start=\"1350\" data-end=\"1430\"><strong data-start=\"1350\" data-end=\"1373\">Registro sanitario:<\/strong> PPN \u2013 61537<br data-start=\"1385\" data-end=\"1388\" \/><strong data-start=\"1388\" data-end=\"1406\">Fabricado por:<\/strong> NATUFARMA de Am\u00e9rica.<\/p>","protected":false},"excerpt":{"rendered":"<p data-start=\"149\" data-end=\"476\">DIGESTIV es un suplemento dise\u00f1ado para brindar alivio r\u00e1pido y efectivo a los problemas digestivos m\u00e1s comunes. Su f\u00f3rmula natural ayuda a mejorar la digesti\u00f3n y disminuir las molestias ocasionadas por comidas copiosas o irritantes, contribuyendo a un bienestar general del sistema digestivo.<\/p>\n<p data-start=\"478\" data-end=\"507\"><strong data-start=\"478\" data-end=\"505\">Beneficios principales:<\/strong><\/p>\n<ul data-start=\"508\" data-end=\"816\">\n<li data-start=\"508\" data-end=\"564\">\n<p data-start=\"510\" data-end=\"564\">\u2705 Alivia la <strong data-start=\"522\" data-end=\"537\">indigesti\u00f3n<\/strong> y el malestar estomacal.<\/p>\n<\/li>\n<li data-start=\"565\" data-end=\"623\">\n<p data-start=\"567\" data-end=\"623\">\u2705 Reduce la <strong data-start=\"579\" data-end=\"594\">flatulencia<\/strong> y la sensaci\u00f3n de pesadez.<\/p>\n<\/li>\n<li data-start=\"624\" data-end=\"667\">\n<p data-start=\"626\" data-end=\"667\">\u2705 Apoya en casos de <strong data-start=\"646\" data-end=\"664\">gastritis leve<\/strong>.<\/p>\n<\/li>\n<li data-start=\"668\" data-end=\"738\">\n<p data-start=\"670\" data-end=\"738\">\u2705 Disminuye la <strong data-start=\"685\" data-end=\"711\">distensi\u00f3n epig\u00e1strica<\/strong> (inflamaci\u00f3n abdominal).<\/p>\n<\/li>\n<li data-start=\"739\" data-end=\"816\">\n<p data-start=\"741\" data-end=\"816\">\u2705 Contribuye a reducir <strong data-start=\"764\" data-end=\"775\">n\u00e1useas<\/strong> relacionadas con problemas digestivos.<\/p>\n<\/li>\n<\/ul>\n<p data-start=\"818\" data-end=\"910\"><strong data-start=\"818\" data-end=\"834\">Modo de uso:<\/strong><br data-start=\"834\" data-end=\"837\" \/>Tomar <strong data-start=\"843\" data-end=\"873\">2 c\u00e1psulas v\u00eda oral al d\u00eda<\/strong> o seg\u00fan recomendaci\u00f3n profesional.<\/p>\n<p data-start=\"912\" data-end=\"931\"><strong data-start=\"912\" data-end=\"929\">Presentaci\u00f3n:<\/strong><\/p>\n<ul data-start=\"932\" data-end=\"1012\">\n<li data-start=\"932\" data-end=\"963\">\n<p data-start=\"934\" data-end=\"963\">Frasco con <strong data-start=\"945\" data-end=\"960\">30 c\u00e1psulas<\/strong>.<\/p>\n<\/li>\n<li data-start=\"964\" data-end=\"1012\">\n<p data-start=\"966\" data-end=\"1012\">Venta libre, sin necesidad de receta m\u00e9dica.<\/p>\n<\/li>\n<\/ul>\n<p data-start=\"1014\" data-end=\"1164\"><strong data-start=\"1014\" data-end=\"1031\">Indicaciones:<\/strong><br data-start=\"1031\" data-end=\"1034\" \/>Ideal para personas que sufren de molestias digestivas frecuentes, pesadez despu\u00e9s de las comidas o episodios de acidez y gases.<\/p>\n<p data-start=\"1166\" data-end=\"1185\"><strong data-start=\"1166\" data-end=\"1183\">Precauciones:<\/strong><\/p>\n<ul data-start=\"1186\" data-end=\"1348\">\n<li data-start=\"1186\" data-end=\"1222\">\n<p data-start=\"1188\" data-end=\"1222\">No exceder la dosis recomendada.<\/p>\n<\/li>\n<li data-start=\"1223\" data-end=\"1261\">\n<p data-start=\"1225\" data-end=\"1261\">Uso m\u00e1ximo recomendado: 2 semanas.<\/p>\n<\/li>\n<li data-start=\"1262\" data-end=\"1348\">\n<p data-start=\"1264\" data-end=\"1348\">Consultar con un m\u00e9dico antes de usar en caso de estar tomando otros medicamentos.<\/p>\n<\/li>\n<\/ul>\n<p data-start=\"1350\" data-end=\"1430\"><strong data-start=\"1350\" data-end=\"1373\">Registro sanitario:<\/strong> PPN \u2013 61537<br data-start=\"1385\" data-end=\"1388\" \/><strong data-start=\"1388\" data-end=\"1406\">Fabricado por:<\/strong> NATUFARMA de Am\u00e9rica.<\/p>","protected":false},"featured_media":1180,"comment_status":"closed","ping_status":"closed","template":"","meta":{"postBodyCss":"","postBodyMargin":[],"postBodyPadding":[],"postBodyBackground":{"backgroundType":"classic","gradient":""},"advanced_seo_description":"","jetpack_seo_html_title":"","jetpack_seo_noindex":false},"product_brand":[],"product_cat":[20],"product_tag":[88],"class_list":{"0":"post-924","1":"product","2":"type-product","3":"status-publish","4":"has-post-thumbnail","6":"product_cat-capsulas-medicinales","7":"product_tag-digestiv","9":"first","10":"instock","11":"shipping-taxable","12":"product-type-simple"},"jetpack_sharing_enabled":true,"jetpack-related-posts":[],"_links":{"self":[{"href":"https:\/\/natufarmadeamerica.com\/en\/wp-json\/wp\/v2\/product\/924","targetHints":{"allow":["GET"]}}],"collection":[{"href":"https:\/\/natufarmadeamerica.com\/en\/wp-json\/wp\/v2\/product"}],"about":[{"href":"https:\/\/natufarmadeamerica.com\/en\/wp-json\/wp\/v2\/types\/product"}],"replies":[{"embeddable":true,"href":"https:\/\/natufarmadeamerica.com\/en\/wp-json\/wp\/v2\/comments?post=924"}],"wp:featuredmedia":[{"embeddable":true,"href":"https:\/\/natufarmadeamerica.com\/en\/wp-json\/wp\/v2\/media\/1180"}],"wp:attachment":[{"href":"https:\/\/natufarmadeamerica.com\/en\/wp-json\/wp\/v2\/media?parent=924"}],"wp:term":[{"taxonomy":"product_brand","embeddable":true,"href":"https:\/\/natufarmadeamerica.com\/en\/wp-json\/wp\/v2\/product_brand?post=924"},{"taxonomy":"product_cat","embeddable":true,"href":"https:\/\/natufarmadeamerica.com\/en\/wp-json\/wp\/v2\/product_cat?post=924"},{"taxonomy":"product_tag","embeddable":true,"href":"https:\/\/natufarmadeamerica.com\/en\/wp-json\/wp\/v2\/product_tag?post=924"}],"curies":[{"name":"wp","href":"https:\/\/api.w.org\/{rel}","templated":true}]}}