{"id":340,"date":"2025-08-14T04:33:51","date_gmt":"2025-08-14T04:33:51","guid":{"rendered":"https:\/\/natufarmadeamerica.com\/?post_type=product&#038;p=340"},"modified":"2025-09-25T22:29:51","modified_gmt":"2025-09-25T22:29:51","slug":"cloruro-de-magnesio","status":"publish","type":"product","link":"https:\/\/natufarmadeamerica.com\/en\/product\/cloruro-de-magnesio\/","title":{"rendered":"Cloruro de Magnesio"},"content":{"rendered":"","protected":false},"excerpt":{"rendered":"<p>El Cloruro de Magnesio es un suplemento esencial para mantener el equilibrio mineral en el cuerpo. Con m\u00faltiples beneficios para la salud, este suplemento ayuda a fortalecer los huesos, mejorar la funci\u00f3n muscular, y aliviar los calambres y la fatiga. Adem\u00e1s, es eficaz para apoyar la salud cardiovascular y el sistema nervioso, promoviendo un bienestar general. Ideal para quienes buscan complementar su dieta con un mineral clave para el funcionamiento \u00f3ptimo del cuerpo. <strong>Presentaci\u00f3n:<\/strong> C\u00e1psulas de f\u00e1cil ingesta. <strong>Modo de uso:<\/strong> Tomar 1 c\u00e1psula diaria con agua, o seg\u00fan indicaci\u00f3n m\u00e9dica.<\/p>\n<div id=\"gtx-trans\" style=\"position: absolute; left: 810px; top: 15.2px;\">\n<div class=\"gtx-trans-icon\"><\/div>\n<\/div>","protected":false},"featured_media":846,"comment_status":"closed","ping_status":"closed","template":"","meta":{"postBodyCss":"","postBodyMargin":[],"postBodyPadding":[],"postBodyBackground":{"backgroundType":"classic","gradient":""},"advanced_seo_description":"","jetpack_seo_html_title":"","jetpack_seo_noindex":false},"product_brand":[],"product_cat":[24],"product_tag":[58,59,60,61],"class_list":{"0":"post-340","1":"product","2":"type-product","3":"status-publish","4":"has-post-thumbnail","6":"product_cat-suplementos-vitaminicos","7":"product_tag-calambres-y-la-fatiga","8":"product_tag-cloruro-de-magnesio","9":"product_tag-funcion-muscular","10":"product_tag-los-huesos","12":"first","13":"instock","14":"shipping-taxable","15":"product-type-simple"},"jetpack_sharing_enabled":true,"jetpack-related-posts":[],"_links":{"self":[{"href":"https:\/\/natufarmadeamerica.com\/en\/wp-json\/wp\/v2\/product\/340","targetHints":{"allow":["GET"]}}],"collection":[{"href":"https:\/\/natufarmadeamerica.com\/en\/wp-json\/wp\/v2\/product"}],"about":[{"href":"https:\/\/natufarmadeamerica.com\/en\/wp-json\/wp\/v2\/types\/product"}],"replies":[{"embeddable":true,"href":"https:\/\/natufarmadeamerica.com\/en\/wp-json\/wp\/v2\/comments?post=340"}],"wp:featuredmedia":[{"embeddable":true,"href":"https:\/\/natufarmadeamerica.com\/en\/wp-json\/wp\/v2\/media\/846"}],"wp:attachment":[{"href":"https:\/\/natufarmadeamerica.com\/en\/wp-json\/wp\/v2\/media?parent=340"}],"wp:term":[{"taxonomy":"product_brand","embeddable":true,"href":"https:\/\/natufarmadeamerica.com\/en\/wp-json\/wp\/v2\/product_brand?post=340"},{"taxonomy":"product_cat","embeddable":true,"href":"https:\/\/natufarmadeamerica.com\/en\/wp-json\/wp\/v2\/product_cat?post=340"},{"taxonomy":"product_tag","embeddable":true,"href":"https:\/\/natufarmadeamerica.com\/en\/wp-json\/wp\/v2\/product_tag?post=340"}],"curies":[{"name":"wp","href":"https:\/\/api.w.org\/{rel}","templated":true}]}}