{"id":337,"date":"2025-08-14T04:33:51","date_gmt":"2025-08-14T04:33:51","guid":{"rendered":"https:\/\/natufarmadeamerica.com\/?post_type=product&#038;p=337"},"modified":"2025-10-22T20:37:44","modified_gmt":"2025-10-22T20:37:44","slug":"viralfer","status":"publish","type":"product","link":"https:\/\/natufarmadeamerica.com\/en\/product\/viralfer\/","title":{"rendered":"Viralfer"},"content":{"rendered":"","protected":false},"excerpt":{"rendered":"<p>Viralfer 100% natural dise\u00f1ado para aliviar los s\u00edntomas de catarros, resfriados y otras afecciones respiratorias comunes. Gracias a su f\u00f3rmula natural, ayuda a descongestionar las v\u00edas respiratorias, reducir la irritaci\u00f3n de la garganta y disminuir la tos. Adem\u00e1s, fortalece el sistema inmunol\u00f3gico, aumentando las defensas del cuerpo para combatir infecciones virales de forma eficaz. Su presentaci\u00f3n en c\u00e1psulas facilita su uso diario como apoyo en temporadas de gripe y resfriados. <strong>Presentaci\u00f3n:<\/strong> 30 c\u00e1psulas de uso oral.<\/p>\n<div id=\"gtx-trans\" style=\"position: absolute; left: -77px; top: 37.8px;\">\n<div class=\"gtx-trans-icon\"><\/div>\n<\/div>","protected":false},"featured_media":1053,"comment_status":"closed","ping_status":"closed","template":"","meta":{"postBodyCss":"","postBodyMargin":[],"postBodyPadding":[],"postBodyBackground":{"backgroundType":"classic","gradient":""},"advanced_seo_description":"","jetpack_seo_html_title":"","jetpack_seo_noindex":false},"product_brand":[],"product_cat":[20],"product_tag":[50,51,52,53],"class_list":{"0":"post-337","1":"product","2":"type-product","3":"status-publish","4":"has-post-thumbnail","6":"product_cat-capsulas-medicinales","7":"product_tag-afecciones-respiratorias","8":"product_tag-catarros","9":"product_tag-resfriados","10":"product_tag-viralfer","12":"first","13":"instock","14":"shipping-taxable","15":"product-type-simple"},"jetpack_sharing_enabled":true,"jetpack-related-posts":[],"_links":{"self":[{"href":"https:\/\/natufarmadeamerica.com\/en\/wp-json\/wp\/v2\/product\/337","targetHints":{"allow":["GET"]}}],"collection":[{"href":"https:\/\/natufarmadeamerica.com\/en\/wp-json\/wp\/v2\/product"}],"about":[{"href":"https:\/\/natufarmadeamerica.com\/en\/wp-json\/wp\/v2\/types\/product"}],"replies":[{"embeddable":true,"href":"https:\/\/natufarmadeamerica.com\/en\/wp-json\/wp\/v2\/comments?post=337"}],"wp:featuredmedia":[{"embeddable":true,"href":"https:\/\/natufarmadeamerica.com\/en\/wp-json\/wp\/v2\/media\/1053"}],"wp:attachment":[{"href":"https:\/\/natufarmadeamerica.com\/en\/wp-json\/wp\/v2\/media?parent=337"}],"wp:term":[{"taxonomy":"product_brand","embeddable":true,"href":"https:\/\/natufarmadeamerica.com\/en\/wp-json\/wp\/v2\/product_brand?post=337"},{"taxonomy":"product_cat","embeddable":true,"href":"https:\/\/natufarmadeamerica.com\/en\/wp-json\/wp\/v2\/product_cat?post=337"},{"taxonomy":"product_tag","embeddable":true,"href":"https:\/\/natufarmadeamerica.com\/en\/wp-json\/wp\/v2\/product_tag?post=337"}],"curies":[{"name":"wp","href":"https:\/\/api.w.org\/{rel}","templated":true}]}}