{"id":272,"date":"2025-08-14T04:32:02","date_gmt":"2025-08-14T04:32:02","guid":{"rendered":"https:\/\/natufarmadeamerica.com\/?post_type=product&#038;p=272"},"modified":"2025-09-25T22:30:42","modified_gmt":"2025-09-25T22:30:42","slug":"vitamina-e-1k","status":"publish","type":"product","link":"https:\/\/natufarmadeamerica.com\/en\/product\/vitamina-e-1k\/","title":{"rendered":"Vitamina E 1k"},"content":{"rendered":"","protected":false},"excerpt":{"rendered":"<ol>\n<li><strong>Funci\u00f3n inmunol\u00f3gica:<\/strong> La vitamina E es importante para mantener un sistema inmunol\u00f3gico saludable, especialmente durante el envejecimiento y en la lucha contra virus y bacterias.<\/li>\n<li><strong>Prevenci\u00f3n de enfermedades cr\u00f3nicas:<\/strong> La vitamina E puede ayudar a reducir el riesgo de enfermedades card\u00edacas al prevenir la oxidaci\u00f3n del colesterol LDL (el \u00abcolesterol malo\u00bb) y mejorar la funci\u00f3n endotelial.<\/li>\n<li><strong>Salud ocular:<\/strong> Algunos estudios sugieren que la vitamina E puede ayudar a reducir el riesgo de degeneraci\u00f3n macular relacionada con la edad (DMAE) y cataratas, que son afecciones oculares comunes que pueden causar p\u00e9rdida de visi\u00f3n en personas mayores.<\/li>\n<\/ol>\n<div id=\"gtx-trans\" style=\"position: absolute; left: 255px; top: -8.8px;\">\n<div class=\"gtx-trans-icon\"><\/div>\n<\/div>","protected":false},"featured_media":846,"comment_status":"closed","ping_status":"closed","template":"","meta":{"postBodyCss":"","postBodyMargin":[],"postBodyPadding":[],"postBodyBackground":{"backgroundType":"classic","gradient":""},"advanced_seo_description":"","jetpack_seo_html_title":"","jetpack_seo_noindex":false},"product_brand":[],"product_cat":[24],"product_tag":[31],"class_list":{"0":"post-272","1":"product","2":"type-product","3":"status-publish","4":"has-post-thumbnail","6":"product_cat-suplementos-vitaminicos","7":"product_tag-vitamina-e","9":"first","10":"instock","11":"shipping-taxable","12":"product-type-simple"},"jetpack_sharing_enabled":true,"jetpack-related-posts":[],"_links":{"self":[{"href":"https:\/\/natufarmadeamerica.com\/en\/wp-json\/wp\/v2\/product\/272","targetHints":{"allow":["GET"]}}],"collection":[{"href":"https:\/\/natufarmadeamerica.com\/en\/wp-json\/wp\/v2\/product"}],"about":[{"href":"https:\/\/natufarmadeamerica.com\/en\/wp-json\/wp\/v2\/types\/product"}],"replies":[{"embeddable":true,"href":"https:\/\/natufarmadeamerica.com\/en\/wp-json\/wp\/v2\/comments?post=272"}],"wp:featuredmedia":[{"embeddable":true,"href":"https:\/\/natufarmadeamerica.com\/en\/wp-json\/wp\/v2\/media\/846"}],"wp:attachment":[{"href":"https:\/\/natufarmadeamerica.com\/en\/wp-json\/wp\/v2\/media?parent=272"}],"wp:term":[{"taxonomy":"product_brand","embeddable":true,"href":"https:\/\/natufarmadeamerica.com\/en\/wp-json\/wp\/v2\/product_brand?post=272"},{"taxonomy":"product_cat","embeddable":true,"href":"https:\/\/natufarmadeamerica.com\/en\/wp-json\/wp\/v2\/product_cat?post=272"},{"taxonomy":"product_tag","embeddable":true,"href":"https:\/\/natufarmadeamerica.com\/en\/wp-json\/wp\/v2\/product_tag?post=272"}],"curies":[{"name":"wp","href":"https:\/\/api.w.org\/{rel}","templated":true}]}}