{"id":269,"date":"2025-08-14T04:32:02","date_gmt":"2025-08-14T04:32:02","guid":{"rendered":"https:\/\/natufarmadeamerica.com\/?post_type=product&#038;p=269"},"modified":"2025-09-25T22:30:59","modified_gmt":"2025-09-25T22:30:59","slug":"vitamina-a","status":"publish","type":"product","link":"https:\/\/natufarmadeamerica.com\/en\/product\/vitamina-a\/","title":{"rendered":"Vitamina A"},"content":{"rendered":"","protected":false},"excerpt":{"rendered":"<ol>\n<li><strong>Salud ocular:<\/strong> La vitamina A es fundamental para mantener la visi\u00f3n saludable. Es esencial para la conversi\u00f3n de la luz que llega al ojo en una se\u00f1al el\u00e9ctrica que puede ser enviada al cerebro. La deficiencia de vitamina A puede llevar a una condici\u00f3n conocida como ceguera nocturna y aumentar el riesgo de degeneraci\u00f3n macular relacionada con la edad.<\/li>\n<li><strong>Funci\u00f3n inmunol\u00f3gica:<\/strong> Juega un papel importante en el mantenimiento y la regulaci\u00f3n del sistema inmunol\u00f3gico. La vitamina A ayuda a producir y funcionar los gl\u00f3bulos blancos, que son clave para combatir las infecciones.<\/li>\n<li><strong>Salud de la piel:<\/strong> Contribuye a la salud de la piel al promover la reparaci\u00f3n y el mantenimiento de las c\u00e9lulas de la piel. Una deficiencia de vitamina A puede llevar a una piel seca y escamosa.<\/li>\n<\/ol>","protected":false},"featured_media":846,"comment_status":"closed","ping_status":"closed","template":"","meta":{"postBodyCss":"","postBodyMargin":[],"postBodyPadding":[],"postBodyBackground":{"backgroundType":"classic","gradient":""},"advanced_seo_description":"","jetpack_seo_html_title":"","jetpack_seo_noindex":false},"product_brand":[],"product_cat":[24],"product_tag":[28],"class_list":{"0":"post-269","1":"product","2":"type-product","3":"status-publish","4":"has-post-thumbnail","6":"product_cat-suplementos-vitaminicos","7":"product_tag-vitamina-a","9":"first","10":"instock","11":"shipping-taxable","12":"product-type-simple"},"jetpack_sharing_enabled":true,"jetpack-related-posts":[],"_links":{"self":[{"href":"https:\/\/natufarmadeamerica.com\/en\/wp-json\/wp\/v2\/product\/269","targetHints":{"allow":["GET"]}}],"collection":[{"href":"https:\/\/natufarmadeamerica.com\/en\/wp-json\/wp\/v2\/product"}],"about":[{"href":"https:\/\/natufarmadeamerica.com\/en\/wp-json\/wp\/v2\/types\/product"}],"replies":[{"embeddable":true,"href":"https:\/\/natufarmadeamerica.com\/en\/wp-json\/wp\/v2\/comments?post=269"}],"wp:featuredmedia":[{"embeddable":true,"href":"https:\/\/natufarmadeamerica.com\/en\/wp-json\/wp\/v2\/media\/846"}],"wp:attachment":[{"href":"https:\/\/natufarmadeamerica.com\/en\/wp-json\/wp\/v2\/media?parent=269"}],"wp:term":[{"taxonomy":"product_brand","embeddable":true,"href":"https:\/\/natufarmadeamerica.com\/en\/wp-json\/wp\/v2\/product_brand?post=269"},{"taxonomy":"product_cat","embeddable":true,"href":"https:\/\/natufarmadeamerica.com\/en\/wp-json\/wp\/v2\/product_cat?post=269"},{"taxonomy":"product_tag","embeddable":true,"href":"https:\/\/natufarmadeamerica.com\/en\/wp-json\/wp\/v2\/product_tag?post=269"}],"curies":[{"name":"wp","href":"https:\/\/api.w.org\/{rel}","templated":true}]}}