{"id":265,"date":"2025-08-14T04:32:02","date_gmt":"2025-08-14T04:32:02","guid":{"rendered":"https:\/\/natufarmadeamerica.com\/?post_type=product&#038;p=265"},"modified":"2025-09-25T22:31:25","modified_gmt":"2025-09-25T22:31:25","slug":"enzimas-digestivas","status":"publish","type":"product","link":"https:\/\/natufarmadeamerica.com\/en\/product\/enzimas-digestivas\/","title":{"rendered":"Enzimas Digestivas"},"content":{"rendered":"","protected":false},"excerpt":{"rendered":"<ol>\n<li><strong>Mejora de la digesti\u00f3n:<\/strong> Las enzimas digestivas ayudan a descomponer los alimentos en sus componentes b\u00e1sicos (como carbohidratos, prote\u00ednas y grasas), lo que facilita una digesti\u00f3n m\u00e1s eficiente y completa.<\/li>\n<li><strong>Alivio de trastornos digestivos:<\/strong> Pueden ser particularmente \u00fatiles para personas con ciertas condiciones que afectan la funci\u00f3n digestiva, como la insuficiencia pancre\u00e1tica, la enfermedad de Crohn, la fibrosis qu\u00edstica, o para aquellos que han tenido cirug\u00eda en el est\u00f3mago o el intestino.<\/li>\n<li><strong>Reducci\u00f3n de la hinchaz\u00f3n y los gases:<\/strong> Al mejorar la digesti\u00f3n, las enzimas pueden ayudar a reducir s\u00edntomas como la hinchaz\u00f3n, los gases y la sensaci\u00f3n de plenitud.<\/li>\n<\/ol>","protected":false},"featured_media":846,"comment_status":"closed","ping_status":"closed","template":"","meta":{"postBodyCss":"","postBodyMargin":[],"postBodyPadding":[],"postBodyBackground":{"backgroundType":"classic","gradient":""},"advanced_seo_description":"","jetpack_seo_html_title":"","jetpack_seo_noindex":false},"product_brand":[],"product_cat":[24],"product_tag":[],"class_list":{"0":"post-265","1":"product","2":"type-product","3":"status-publish","4":"has-post-thumbnail","6":"product_cat-suplementos-vitaminicos","8":"first","9":"instock","10":"shipping-taxable","11":"product-type-simple"},"jetpack_sharing_enabled":true,"jetpack-related-posts":[],"_links":{"self":[{"href":"https:\/\/natufarmadeamerica.com\/en\/wp-json\/wp\/v2\/product\/265","targetHints":{"allow":["GET"]}}],"collection":[{"href":"https:\/\/natufarmadeamerica.com\/en\/wp-json\/wp\/v2\/product"}],"about":[{"href":"https:\/\/natufarmadeamerica.com\/en\/wp-json\/wp\/v2\/types\/product"}],"replies":[{"embeddable":true,"href":"https:\/\/natufarmadeamerica.com\/en\/wp-json\/wp\/v2\/comments?post=265"}],"wp:featuredmedia":[{"embeddable":true,"href":"https:\/\/natufarmadeamerica.com\/en\/wp-json\/wp\/v2\/media\/846"}],"wp:attachment":[{"href":"https:\/\/natufarmadeamerica.com\/en\/wp-json\/wp\/v2\/media?parent=265"}],"wp:term":[{"taxonomy":"product_brand","embeddable":true,"href":"https:\/\/natufarmadeamerica.com\/en\/wp-json\/wp\/v2\/product_brand?post=265"},{"taxonomy":"product_cat","embeddable":true,"href":"https:\/\/natufarmadeamerica.com\/en\/wp-json\/wp\/v2\/product_cat?post=265"},{"taxonomy":"product_tag","embeddable":true,"href":"https:\/\/natufarmadeamerica.com\/en\/wp-json\/wp\/v2\/product_tag?post=265"}],"curies":[{"name":"wp","href":"https:\/\/api.w.org\/{rel}","templated":true}]}}