{"id":261,"date":"2025-08-14T04:32:02","date_gmt":"2025-08-14T04:32:02","guid":{"rendered":"https:\/\/natufarmadeamerica.com\/?post_type=product&#038;p=261"},"modified":"2025-09-25T22:28:57","modified_gmt":"2025-09-25T22:28:57","slug":"aceite-de-ajo","status":"publish","type":"product","link":"https:\/\/natufarmadeamerica.com\/en\/product\/aceite-de-ajo\/","title":{"rendered":"Aceite de ajo"},"content":{"rendered":"","protected":false},"excerpt":{"rendered":"<p><strong>Mejora de la salud cardiovascular:<\/strong> El ajo ha demostrado tener efectos beneficiosos sobre la salud del coraz\u00f3n. Ayuda a reducir los niveles de colesterol LDL (el \u00abmalo\u00bb) y aumentar el HDL (el \u00abbueno\u00bb), as\u00ed como ayudar a reducir la presi\u00f3n arterial. Estos efectos contribuyen a un menor riesgo de enfermedades card\u00edacas.<\/p>","protected":false},"featured_media":846,"comment_status":"closed","ping_status":"closed","template":"","meta":{"postBodyCss":"","postBodyMargin":[],"postBodyPadding":[],"postBodyBackground":{"backgroundType":"classic","gradient":""},"advanced_seo_description":"","jetpack_seo_html_title":"","jetpack_seo_noindex":false},"product_brand":[],"product_cat":[24],"product_tag":[],"class_list":{"0":"post-261","1":"product","2":"type-product","3":"status-publish","4":"has-post-thumbnail","6":"product_cat-suplementos-vitaminicos","8":"first","9":"instock","10":"shipping-taxable","11":"product-type-simple"},"jetpack_sharing_enabled":true,"jetpack-related-posts":[],"_links":{"self":[{"href":"https:\/\/natufarmadeamerica.com\/en\/wp-json\/wp\/v2\/product\/261","targetHints":{"allow":["GET"]}}],"collection":[{"href":"https:\/\/natufarmadeamerica.com\/en\/wp-json\/wp\/v2\/product"}],"about":[{"href":"https:\/\/natufarmadeamerica.com\/en\/wp-json\/wp\/v2\/types\/product"}],"replies":[{"embeddable":true,"href":"https:\/\/natufarmadeamerica.com\/en\/wp-json\/wp\/v2\/comments?post=261"}],"wp:featuredmedia":[{"embeddable":true,"href":"https:\/\/natufarmadeamerica.com\/en\/wp-json\/wp\/v2\/media\/846"}],"wp:attachment":[{"href":"https:\/\/natufarmadeamerica.com\/en\/wp-json\/wp\/v2\/media?parent=261"}],"wp:term":[{"taxonomy":"product_brand","embeddable":true,"href":"https:\/\/natufarmadeamerica.com\/en\/wp-json\/wp\/v2\/product_brand?post=261"},{"taxonomy":"product_cat","embeddable":true,"href":"https:\/\/natufarmadeamerica.com\/en\/wp-json\/wp\/v2\/product_cat?post=261"},{"taxonomy":"product_tag","embeddable":true,"href":"https:\/\/natufarmadeamerica.com\/en\/wp-json\/wp\/v2\/product_tag?post=261"}],"curies":[{"name":"wp","href":"https:\/\/api.w.org\/{rel}","templated":true}]}}