{"id":211,"date":"2025-08-14T04:31:41","date_gmt":"2025-08-14T04:31:41","guid":{"rendered":"https:\/\/natufarmadeamerica.com\/?post_type=product&#038;p=211"},"modified":"2025-09-25T22:30:12","modified_gmt":"2025-09-25T22:30:12","slug":"vitaminas-500-mg","status":"publish","type":"product","link":"https:\/\/natufarmadeamerica.com\/en\/product\/vitaminas-500-mg\/","title":{"rendered":"Vitaminas 500 mg"},"content":{"rendered":"","protected":false},"excerpt":{"rendered":"<ol>\n<li><strong>Absorci\u00f3n de Hierro:<\/strong> La vitamina C mejora la absorci\u00f3n de hierro no hemo (el tipo de hierro presente en los alimentos vegetales), lo que es especialmente importante para personas con riesgo de deficiencia de hierro, como vegetarianos y veganos.<\/li>\n<li><strong>Salud Cardiovascular:<\/strong> Algunos estudios sugieren que la vitamina C puede ayudar a reducir los factores de riesgo de enfermedades card\u00edacas, incluyendo los niveles de colesterol LDL (\u00abmalo\u00bb) y la presi\u00f3n arterial alta.<\/li>\n<li><strong>Prevenci\u00f3n de Enfermedades Cr\u00f3nicas:<\/strong> Gracias a sus propiedades antioxidantes, la vitamina C puede jugar un papel en la prevenci\u00f3n de ciertas enfermedades cr\u00f3nicas, como enfermedades card\u00edacas, ciertos tipos de c\u00e1ncer y cataratas.<\/li>\n<\/ol>","protected":false},"featured_media":846,"comment_status":"closed","ping_status":"closed","template":"","meta":{"postBodyCss":"","postBodyMargin":[],"postBodyPadding":[],"postBodyBackground":{"backgroundType":"classic","gradient":""},"advanced_seo_description":"","jetpack_seo_html_title":"","jetpack_seo_noindex":false},"product_brand":[],"product_cat":[24],"product_tag":[26],"class_list":{"0":"post-211","1":"product","2":"type-product","3":"status-publish","4":"has-post-thumbnail","6":"product_cat-suplementos-vitaminicos","7":"product_tag-vitaminas-500-mg","9":"first","10":"instock","11":"shipping-taxable","12":"product-type-simple"},"jetpack_sharing_enabled":true,"jetpack-related-posts":[],"_links":{"self":[{"href":"https:\/\/natufarmadeamerica.com\/en\/wp-json\/wp\/v2\/product\/211","targetHints":{"allow":["GET"]}}],"collection":[{"href":"https:\/\/natufarmadeamerica.com\/en\/wp-json\/wp\/v2\/product"}],"about":[{"href":"https:\/\/natufarmadeamerica.com\/en\/wp-json\/wp\/v2\/types\/product"}],"replies":[{"embeddable":true,"href":"https:\/\/natufarmadeamerica.com\/en\/wp-json\/wp\/v2\/comments?post=211"}],"wp:featuredmedia":[{"embeddable":true,"href":"https:\/\/natufarmadeamerica.com\/en\/wp-json\/wp\/v2\/media\/846"}],"wp:attachment":[{"href":"https:\/\/natufarmadeamerica.com\/en\/wp-json\/wp\/v2\/media?parent=211"}],"wp:term":[{"taxonomy":"product_brand","embeddable":true,"href":"https:\/\/natufarmadeamerica.com\/en\/wp-json\/wp\/v2\/product_brand?post=211"},{"taxonomy":"product_cat","embeddable":true,"href":"https:\/\/natufarmadeamerica.com\/en\/wp-json\/wp\/v2\/product_cat?post=211"},{"taxonomy":"product_tag","embeddable":true,"href":"https:\/\/natufarmadeamerica.com\/en\/wp-json\/wp\/v2\/product_tag?post=211"}],"curies":[{"name":"wp","href":"https:\/\/api.w.org\/{rel}","templated":true}]}}