{"id":207,"date":"2025-08-14T04:31:41","date_gmt":"2025-08-14T04:31:41","guid":{"rendered":"https:\/\/natufarmadeamerica.com\/?post_type=product&#038;p=207"},"modified":"2025-09-25T22:29:41","modified_gmt":"2025-09-25T22:29:41","slug":"baja-peso","status":"publish","type":"product","link":"https:\/\/natufarmadeamerica.com\/en\/product\/baja-peso\/","title":{"rendered":"Baja Peso"},"content":{"rendered":"","protected":false},"excerpt":{"rendered":"<ol>\n<li><strong>Fuente Rica de Yodo:<\/strong> El kelp es una de las fuentes naturales m\u00e1s ricas de yodo, un mineral esencial para la salud de la tiroides. El yodo es crucial para la producci\u00f3n de hormonas tiroideas, que regulan el metabolismo, el crecimiento y el desarrollo, y la funci\u00f3n de muchos sistemas del cuerpo.<\/li>\n<li><strong>Salud de la Tiroides:<\/strong> Debido a su alto contenido de yodo, el kelp puede ayudar a prevenir o tratar algunos tipos de deficiencias de yodo y sus trastornos asociados, como el hipotiroidismo, aunque su uso debe ser cuidadosamente monitoreado.<\/li>\n<li><strong>Propiedades Antioxidantes:<\/strong> El kelp contiene antioxidantes como la vitamina C, la vitamina E, los flavonoides y los carotenoides, que ayudan a proteger contra el estr\u00e9s oxidativo y pueden reducir el riesgo de enfermedades cr\u00f3nicas.<\/li>\n<li><strong>Apoyo a la P\u00e9rdida de Peso:<\/strong> Algunos estudios sugieren que el kelp puede tener un efecto beneficioso en la p\u00e9rdida de peso, posiblemente debido a su contenido de fucoxantina, un tipo de carotenoide que se ha mostrado en investigaciones preliminares para ayudar a reducir la acumulaci\u00f3n de grasa.<\/li>\n<\/ol>","protected":false},"featured_media":846,"comment_status":"closed","ping_status":"closed","template":"","meta":{"postBodyCss":"","postBodyMargin":[],"postBodyPadding":[],"postBodyBackground":{"backgroundType":"classic","gradient":""},"advanced_seo_description":"","jetpack_seo_html_title":"","jetpack_seo_noindex":false},"product_brand":[],"product_cat":[24],"product_tag":[],"class_list":{"0":"post-207","1":"product","2":"type-product","3":"status-publish","4":"has-post-thumbnail","6":"product_cat-suplementos-vitaminicos","8":"first","9":"instock","10":"shipping-taxable","11":"product-type-simple"},"jetpack_sharing_enabled":true,"jetpack-related-posts":[],"_links":{"self":[{"href":"https:\/\/natufarmadeamerica.com\/en\/wp-json\/wp\/v2\/product\/207","targetHints":{"allow":["GET"]}}],"collection":[{"href":"https:\/\/natufarmadeamerica.com\/en\/wp-json\/wp\/v2\/product"}],"about":[{"href":"https:\/\/natufarmadeamerica.com\/en\/wp-json\/wp\/v2\/types\/product"}],"replies":[{"embeddable":true,"href":"https:\/\/natufarmadeamerica.com\/en\/wp-json\/wp\/v2\/comments?post=207"}],"wp:featuredmedia":[{"embeddable":true,"href":"https:\/\/natufarmadeamerica.com\/en\/wp-json\/wp\/v2\/media\/846"}],"wp:attachment":[{"href":"https:\/\/natufarmadeamerica.com\/en\/wp-json\/wp\/v2\/media?parent=207"}],"wp:term":[{"taxonomy":"product_brand","embeddable":true,"href":"https:\/\/natufarmadeamerica.com\/en\/wp-json\/wp\/v2\/product_brand?post=207"},{"taxonomy":"product_cat","embeddable":true,"href":"https:\/\/natufarmadeamerica.com\/en\/wp-json\/wp\/v2\/product_cat?post=207"},{"taxonomy":"product_tag","embeddable":true,"href":"https:\/\/natufarmadeamerica.com\/en\/wp-json\/wp\/v2\/product_tag?post=207"}],"curies":[{"name":"wp","href":"https:\/\/api.w.org\/{rel}","templated":true}]}}