{"id":203,"date":"2025-08-14T04:31:41","date_gmt":"2025-08-14T04:31:41","guid":{"rendered":"https:\/\/natufarmadeamerica.com\/?post_type=product&#038;p=203"},"modified":"2025-10-22T21:46:52","modified_gmt":"2025-10-22T21:46:52","slug":"tensinervk","status":"publish","type":"product","link":"https:\/\/natufarmadeamerica.com\/en\/product\/tensinervk\/","title":{"rendered":"Tensinervk"},"content":{"rendered":"","protected":false},"excerpt":{"rendered":"<p><strong>TENSINERVK: Alivio Efectivo para los S\u00edntomas del Estr\u00e9s Mental &#8211; 30 C\u00e1psulas<\/strong><\/p>\n<p><strong>Descripci\u00f3n:<\/strong> TENSINERVK es tu soluci\u00f3n ideal para combatir los s\u00edntomas del estr\u00e9s mental. En un pr\u00e1ctico envase de 30 c\u00e1psulas, este suplemento ha sido formulado para ofrecer un alivio natural y efectivo, ayud\u00e1ndote a manejar mejor los desaf\u00edos del d\u00eda a d\u00eda. Es perfecto para quienes buscan una forma de reducir la tensi\u00f3n mental y mejorar su bienestar general.<\/p>\n<p><strong>Caracter\u00edsticas y Beneficios:<\/strong><\/p>\n<ul>\n<li><strong>Combate el Estr\u00e9s Mental:<\/strong> TENSINERVK est\u00e1 dise\u00f1ado para aliviar los s\u00edntomas asociados con el estr\u00e9s mental, como la fatiga, la ansiedad y la dificultad para concentrarse.<\/li>\n<li><strong>F\u00f3rmula Natural y Segura:<\/strong> Cada c\u00e1psula contiene una mezcla de ingredientes naturales conocidos por sus propiedades relajantes y calmantes.<\/li>\n<li><strong>Mejora la Concentraci\u00f3n y el Enfoque:<\/strong> Adem\u00e1s de aliviar el estr\u00e9s, TENSINERVK puede ayudar a mejorar tu concentraci\u00f3n y enfoque, lo que te permite ser m\u00e1s productivo y eficiente en tus actividades diarias.<\/li>\n<li><strong>F\u00e1cil de Incorporar en Tu Rutina Diaria:<\/strong> Con una dosis recomendada de una c\u00e1psula al d\u00eda, es f\u00e1cil a\u00f1adir TENSINERVK a tu r\u00e9gimen diario para un mejor manejo del estr\u00e9s.<\/li>\n<li><strong>Calidad Garantizada:<\/strong> Fabricado bajo estrictos est\u00e1ndares de calidad, TENSINERVK es un producto confiable y seguro para el uso diario.<\/li>\n<\/ul>","protected":false},"featured_media":1043,"comment_status":"closed","ping_status":"closed","template":"","meta":{"postBodyCss":"","postBodyMargin":[],"postBodyPadding":[],"postBodyBackground":{"backgroundType":"classic","gradient":""},"advanced_seo_description":"","jetpack_seo_html_title":"","jetpack_seo_noindex":false},"product_brand":[],"product_cat":[20],"product_tag":[94],"class_list":{"0":"post-203","1":"product","2":"type-product","3":"status-publish","4":"has-post-thumbnail","6":"product_cat-capsulas-medicinales","7":"product_tag-tensinervk","9":"first","10":"instock","11":"shipping-taxable","12":"product-type-simple"},"jetpack_sharing_enabled":true,"jetpack-related-posts":[],"_links":{"self":[{"href":"https:\/\/natufarmadeamerica.com\/en\/wp-json\/wp\/v2\/product\/203","targetHints":{"allow":["GET"]}}],"collection":[{"href":"https:\/\/natufarmadeamerica.com\/en\/wp-json\/wp\/v2\/product"}],"about":[{"href":"https:\/\/natufarmadeamerica.com\/en\/wp-json\/wp\/v2\/types\/product"}],"replies":[{"embeddable":true,"href":"https:\/\/natufarmadeamerica.com\/en\/wp-json\/wp\/v2\/comments?post=203"}],"wp:featuredmedia":[{"embeddable":true,"href":"https:\/\/natufarmadeamerica.com\/en\/wp-json\/wp\/v2\/media\/1043"}],"wp:attachment":[{"href":"https:\/\/natufarmadeamerica.com\/en\/wp-json\/wp\/v2\/media?parent=203"}],"wp:term":[{"taxonomy":"product_brand","embeddable":true,"href":"https:\/\/natufarmadeamerica.com\/en\/wp-json\/wp\/v2\/product_brand?post=203"},{"taxonomy":"product_cat","embeddable":true,"href":"https:\/\/natufarmadeamerica.com\/en\/wp-json\/wp\/v2\/product_cat?post=203"},{"taxonomy":"product_tag","embeddable":true,"href":"https:\/\/natufarmadeamerica.com\/en\/wp-json\/wp\/v2\/product_tag?post=203"}],"curies":[{"name":"wp","href":"https:\/\/api.w.org\/{rel}","templated":true}]}}