{"id":200,"date":"2025-08-14T04:31:41","date_gmt":"2025-08-14T04:31:41","guid":{"rendered":"https:\/\/natufarmadeamerica.com\/?post_type=product&#038;p=200"},"modified":"2025-10-22T22:15:17","modified_gmt":"2025-10-22T22:15:17","slug":"ginkgo","status":"publish","type":"product","link":"https:\/\/natufarmadeamerica.com\/en\/product\/ginkgo\/","title":{"rendered":"Ginkgo"},"content":{"rendered":"","protected":false},"excerpt":{"rendered":"<p><strong>Potenciador Natural de Memoria y Circulaci\u00f3n con Ginkgo Biloba &#8211; 30 C\u00e1psulas<\/strong><\/p>\n<p><strong>Descripci\u00f3n:<\/strong> es tu aliado natural para mejorar la memoria, la concentraci\u00f3n y la circulaci\u00f3n. Este suplemento, presentado en un c\u00f3modo envase de 30 c\u00e1psulas, est\u00e1 formulado con Ginkgo Biloba 100% natural, una planta conocida por sus m\u00faltiples beneficios para la salud cerebral y circulatoria. Ideal para estudiantes, profesionales y cualquier persona que busque mejorar su rendimiento mental y bienestar general.<\/p>\n<p><strong>Caracter\u00edsticas y Beneficios:<\/strong><\/p>\n<ul>\n<li><strong>Mejora la Memoria y Concentraci\u00f3n:<\/strong> Ginkgo Duran est\u00e1 dise\u00f1ado para potenciar tus capacidades cognitivas, mejorando la memoria y la concentraci\u00f3n, lo que te permite un rendimiento mental \u00f3ptimo en tus actividades diarias.<\/li>\n<li><strong>Promueve una Mejor Circulaci\u00f3n:<\/strong> El Ginkgo Biloba es conocido por sus propiedades para mejorar la circulaci\u00f3n sangu\u00ednea, lo que es beneficioso no solo para la funci\u00f3n cerebral, sino tambi\u00e9n para la salud general del cuerpo.<\/li>\n<li><strong>100% Natural:<\/strong> Con Ginkgo Biloba puro y natural, Ginkgo Duran garantiza un producto de alta calidad, libre de aditivos artificiales.<\/li>\n<li><strong>Antioxidante Natural:<\/strong> Este suplemento tambi\u00e9n act\u00faa como un poderoso antioxidante, ayudando a proteger las c\u00e9lulas del cuerpo contra el da\u00f1o de los radicales libres.<\/li>\n<li><strong>F\u00e1cil de Incorporar en Tu Rutina:<\/strong> Con solo una c\u00e1psula al d\u00eda, puedes disfrutar f\u00e1cilmente de los beneficios de este suplemento natural.<\/li>\n<\/ul>\n<div id=\"gtx-trans\" style=\"position: absolute; left: 104px; top: 31.2px;\">\n<div class=\"gtx-trans-icon\"><\/div>\n<\/div>","protected":false},"featured_media":1048,"comment_status":"closed","ping_status":"closed","template":"","meta":{"postBodyCss":"","postBodyMargin":[],"postBodyPadding":[],"postBodyBackground":{"backgroundType":"classic","gradient":""},"advanced_seo_description":"","jetpack_seo_html_title":"","jetpack_seo_noindex":false},"product_brand":[],"product_cat":[20],"product_tag":[21,22,23],"class_list":{"0":"post-200","1":"product","2":"type-product","3":"status-publish","4":"has-post-thumbnail","6":"product_cat-capsulas-medicinales","7":"product_tag-antioxidante-natural","8":"product_tag-circulacion","9":"product_tag-natural","11":"first","12":"instock","13":"shipping-taxable","14":"product-type-simple"},"jetpack_sharing_enabled":true,"jetpack-related-posts":[],"_links":{"self":[{"href":"https:\/\/natufarmadeamerica.com\/en\/wp-json\/wp\/v2\/product\/200","targetHints":{"allow":["GET"]}}],"collection":[{"href":"https:\/\/natufarmadeamerica.com\/en\/wp-json\/wp\/v2\/product"}],"about":[{"href":"https:\/\/natufarmadeamerica.com\/en\/wp-json\/wp\/v2\/types\/product"}],"replies":[{"embeddable":true,"href":"https:\/\/natufarmadeamerica.com\/en\/wp-json\/wp\/v2\/comments?post=200"}],"wp:featuredmedia":[{"embeddable":true,"href":"https:\/\/natufarmadeamerica.com\/en\/wp-json\/wp\/v2\/media\/1048"}],"wp:attachment":[{"href":"https:\/\/natufarmadeamerica.com\/en\/wp-json\/wp\/v2\/media?parent=200"}],"wp:term":[{"taxonomy":"product_brand","embeddable":true,"href":"https:\/\/natufarmadeamerica.com\/en\/wp-json\/wp\/v2\/product_brand?post=200"},{"taxonomy":"product_cat","embeddable":true,"href":"https:\/\/natufarmadeamerica.com\/en\/wp-json\/wp\/v2\/product_cat?post=200"},{"taxonomy":"product_tag","embeddable":true,"href":"https:\/\/natufarmadeamerica.com\/en\/wp-json\/wp\/v2\/product_tag?post=200"}],"curies":[{"name":"wp","href":"https:\/\/api.w.org\/{rel}","templated":true}]}}