{"id":196,"date":"2025-09-25T04:31:41","date_gmt":"2025-09-25T04:31:41","guid":{"rendered":"https:\/\/natufarmadeamerica.com\/?post_type=product&#038;p=196"},"modified":"2025-10-28T15:22:06","modified_gmt":"2025-10-28T15:22:06","slug":"menta","status":"publish","type":"product","link":"https:\/\/natufarmadeamerica.com\/en\/product\/menta\/","title":{"rendered":"MENTA"},"content":{"rendered":"","protected":false},"excerpt":{"rendered":"<p>Ayuda al sistema digestivo, evitando los gases, funciona tambi\u00e9n como calmante, expectorante y refrescante. Adem\u00e1s de las conocidas acciones<br \/>\nanest\u00e9sica, analg\u00e9sica y antis\u00e9ptica, la menta piperita tabi\u00e9n tiene una acci\u00f3n descongestiva y bals\u00e1mica.. Dosificaci\u00f3n: 40 GRAMOS<\/p>","protected":false},"featured_media":1099,"comment_status":"closed","ping_status":"closed","template":"","meta":{"postBodyCss":"","postBodyMargin":[],"postBodyPadding":[],"postBodyBackground":{"backgroundType":"classic","gradient":""},"advanced_seo_description":"","jetpack_seo_html_title":"","jetpack_seo_noindex":false},"product_brand":[],"product_cat":[17],"product_tag":[91,92],"class_list":{"0":"post-196","1":"product","2":"type-product","3":"status-publish","4":"has-post-thumbnail","6":"product_cat-infusiones","7":"product_tag-ayuda-al-sistema-digestivo","8":"product_tag-menta","10":"first","11":"instock","12":"product-type-simple"},"jetpack_sharing_enabled":true,"jetpack-related-posts":[],"_links":{"self":[{"href":"https:\/\/natufarmadeamerica.com\/en\/wp-json\/wp\/v2\/product\/196","targetHints":{"allow":["GET"]}}],"collection":[{"href":"https:\/\/natufarmadeamerica.com\/en\/wp-json\/wp\/v2\/product"}],"about":[{"href":"https:\/\/natufarmadeamerica.com\/en\/wp-json\/wp\/v2\/types\/product"}],"replies":[{"embeddable":true,"href":"https:\/\/natufarmadeamerica.com\/en\/wp-json\/wp\/v2\/comments?post=196"}],"wp:featuredmedia":[{"embeddable":true,"href":"https:\/\/natufarmadeamerica.com\/en\/wp-json\/wp\/v2\/media\/1099"}],"wp:attachment":[{"href":"https:\/\/natufarmadeamerica.com\/en\/wp-json\/wp\/v2\/media?parent=196"}],"wp:term":[{"taxonomy":"product_brand","embeddable":true,"href":"https:\/\/natufarmadeamerica.com\/en\/wp-json\/wp\/v2\/product_brand?post=196"},{"taxonomy":"product_cat","embeddable":true,"href":"https:\/\/natufarmadeamerica.com\/en\/wp-json\/wp\/v2\/product_cat?post=196"},{"taxonomy":"product_tag","embeddable":true,"href":"https:\/\/natufarmadeamerica.com\/en\/wp-json\/wp\/v2\/product_tag?post=196"}],"curies":[{"name":"wp","href":"https:\/\/api.w.org\/{rel}","templated":true}]}}