{"id":188,"date":"2025-08-14T04:31:40","date_gmt":"2025-08-14T04:31:40","guid":{"rendered":"https:\/\/natufarmadeamerica.com\/?post_type=product&#038;p=188"},"modified":"2025-10-28T15:45:56","modified_gmt":"2025-10-28T15:45:56","slug":"menta-y-eucalipto","status":"publish","type":"product","link":"https:\/\/natufarmadeamerica.com\/en\/product\/menta-y-eucalipto\/","title":{"rendered":"MENTA Y EUCALIPTO"},"content":{"rendered":"","protected":false},"excerpt":{"rendered":"<p>Esta combinaci\u00f3n d\u00e1, como resultado un potente efecto descongestionante, que acaba con la misma y la irritaci\u00f3n de la garganta, proporciona una sensaci\u00f3n de frescura. Dosificaci\u00f3n: 40 GRAMOS<\/p>","protected":false},"featured_media":1098,"comment_status":"closed","ping_status":"closed","template":"","meta":{"postBodyCss":"","postBodyMargin":[],"postBodyPadding":[],"postBodyBackground":{"backgroundType":"classic","gradient":""},"advanced_seo_description":"","jetpack_seo_html_title":"","jetpack_seo_noindex":false},"product_brand":[],"product_cat":[17],"product_tag":[104],"class_list":{"0":"post-188","1":"product","2":"type-product","3":"status-publish","4":"has-post-thumbnail","6":"product_cat-infusiones","7":"product_tag-menta-y-eucalipto","9":"first","10":"instock","11":"featured","12":"product-type-simple"},"jetpack_sharing_enabled":true,"jetpack-related-posts":[],"_links":{"self":[{"href":"https:\/\/natufarmadeamerica.com\/en\/wp-json\/wp\/v2\/product\/188","targetHints":{"allow":["GET"]}}],"collection":[{"href":"https:\/\/natufarmadeamerica.com\/en\/wp-json\/wp\/v2\/product"}],"about":[{"href":"https:\/\/natufarmadeamerica.com\/en\/wp-json\/wp\/v2\/types\/product"}],"replies":[{"embeddable":true,"href":"https:\/\/natufarmadeamerica.com\/en\/wp-json\/wp\/v2\/comments?post=188"}],"wp:featuredmedia":[{"embeddable":true,"href":"https:\/\/natufarmadeamerica.com\/en\/wp-json\/wp\/v2\/media\/1098"}],"wp:attachment":[{"href":"https:\/\/natufarmadeamerica.com\/en\/wp-json\/wp\/v2\/media?parent=188"}],"wp:term":[{"taxonomy":"product_brand","embeddable":true,"href":"https:\/\/natufarmadeamerica.com\/en\/wp-json\/wp\/v2\/product_brand?post=188"},{"taxonomy":"product_cat","embeddable":true,"href":"https:\/\/natufarmadeamerica.com\/en\/wp-json\/wp\/v2\/product_cat?post=188"},{"taxonomy":"product_tag","embeddable":true,"href":"https:\/\/natufarmadeamerica.com\/en\/wp-json\/wp\/v2\/product_tag?post=188"}],"curies":[{"name":"wp","href":"https:\/\/api.w.org\/{rel}","templated":true}]}}