{"id":187,"date":"2025-08-14T04:31:40","date_gmt":"2025-08-14T04:31:40","guid":{"rendered":"https:\/\/natufarmadeamerica.com\/?post_type=product&#038;p=187"},"modified":"2025-10-28T15:43:38","modified_gmt":"2025-10-28T15:43:38","slug":"manzanilla-y-pericon","status":"publish","type":"product","link":"https:\/\/natufarmadeamerica.com\/en\/product\/manzanilla-y-pericon\/","title":{"rendered":"MANZANILLA  Y PERIC\u00d3N"},"content":{"rendered":"","protected":false},"excerpt":{"rendered":"<p>Ayuda a reducir la inflamaci\u00f3n abdominal, dolores<br \/>\nestomacales y mejora la digesti\u00f3n. Estudios se\u00f1alan que las propiedades de estas plantas ayudan al tratamiento de los nervios.. Dosificaci\u00f3n: 40 GRAMOS<\/p>","protected":false},"featured_media":1095,"comment_status":"closed","ping_status":"closed","template":"","meta":{"postBodyCss":"","postBodyMargin":[],"postBodyPadding":[],"postBodyBackground":{"backgroundType":"classic","gradient":""},"advanced_seo_description":"","jetpack_seo_html_title":"","jetpack_seo_noindex":false},"product_brand":[],"product_cat":[17],"product_tag":[101],"class_list":{"0":"post-187","1":"product","2":"type-product","3":"status-publish","4":"has-post-thumbnail","6":"product_cat-infusiones","7":"product_tag-manzanilla-y-pericon","9":"first","10":"instock","11":"product-type-simple"},"jetpack_sharing_enabled":true,"jetpack-related-posts":[],"_links":{"self":[{"href":"https:\/\/natufarmadeamerica.com\/en\/wp-json\/wp\/v2\/product\/187","targetHints":{"allow":["GET"]}}],"collection":[{"href":"https:\/\/natufarmadeamerica.com\/en\/wp-json\/wp\/v2\/product"}],"about":[{"href":"https:\/\/natufarmadeamerica.com\/en\/wp-json\/wp\/v2\/types\/product"}],"replies":[{"embeddable":true,"href":"https:\/\/natufarmadeamerica.com\/en\/wp-json\/wp\/v2\/comments?post=187"}],"wp:featuredmedia":[{"embeddable":true,"href":"https:\/\/natufarmadeamerica.com\/en\/wp-json\/wp\/v2\/media\/1095"}],"wp:attachment":[{"href":"https:\/\/natufarmadeamerica.com\/en\/wp-json\/wp\/v2\/media?parent=187"}],"wp:term":[{"taxonomy":"product_brand","embeddable":true,"href":"https:\/\/natufarmadeamerica.com\/en\/wp-json\/wp\/v2\/product_brand?post=187"},{"taxonomy":"product_cat","embeddable":true,"href":"https:\/\/natufarmadeamerica.com\/en\/wp-json\/wp\/v2\/product_cat?post=187"},{"taxonomy":"product_tag","embeddable":true,"href":"https:\/\/natufarmadeamerica.com\/en\/wp-json\/wp\/v2\/product_tag?post=187"}],"curies":[{"name":"wp","href":"https:\/\/api.w.org\/{rel}","templated":true}]}}